{"id":4011,"date":"2023-08-25T15:25:54","date_gmt":"2023-08-25T15:25:54","guid":{"rendered":"https:\/\/callkom.io\/faqs\/"},"modified":"2025-10-15T04:22:35","modified_gmt":"2025-10-15T04:22:35","slug":"faqs","status":"publish","type":"page","link":"https:\/\/callkom.io\/fr\/faqs\/","title":{"rendered":"FAQs"},"content":{"rendered":"\t\t<div data-elementor-type=\"wp-page\" data-elementor-id=\"4011\" class=\"elementor elementor-4011\" data-elementor-post-type=\"page\">\n\t\t\t\t        <section class=\"elementor-section elementor-top-section elementor-element elementor-element-f39e91d elementor-section-stretched elementor-section-boxed elementor-section-height-default elementor-section-height-default pxl-row-scroll-none none\" data-id=\"f39e91d\" data-element_type=\"section\" data-settings=\"{&quot;stretch_section&quot;:&quot;section-stretched&quot;,&quot;background_background&quot;:&quot;classic&quot;}\">\n\n                \n                <div class=\"elementor-container elementor-column-gap-extended \">\n                <div class=\"elementor-column elementor-col-100 elementor-top-column elementor-element elementor-element-ed593df pxl-column-none\" data-id=\"ed593df\" data-element_type=\"column\">\r\n        <div class=\"elementor-widget-wrap elementor-element-populated\">\r\n                     \r\n        \t\t<div class=\"elementor-element elementor-element-1755481 elementor-widget elementor-widget-pxl_breadcrumb\" data-id=\"1755481\" data-element_type=\"widget\" data-widget_type=\"pxl_breadcrumb.default\">\n\t\t\t\t<div class=\"elementor-widget-container\">\n\t\t\t\t\t<ul class=\"pxl-breadcrumb\"><li><span class=\"breadcrumb-entry\">Accueil<\/span><\/li><\/ul>\t\t\t\t<\/div>\n\t\t\t\t<\/div>\n\t\t\t\t<div class=\"elementor-element elementor-element-9b4632c elementor-widget elementor-widget-pxl_heading\" data-id=\"9b4632c\" data-element_type=\"widget\" data-widget_type=\"pxl_heading.default\">\n\t\t\t\t<div class=\"elementor-widget-container\">\n\t\t\t\t\t<div id=\"pxl-pxl_heading-9b4632c-7945\" class=\"pxl-heading pxl-heading--tcustom df-style\">\n\t<div class=\"pxl-heading--inner title heading mb-style animationtext clip\">\n\t\t\n\t\t<h3 class=\"pxl-item--title  \" data-wow-delay=\"ms\">\n\t\tFAQs\t\t\t\t\n\t\t\t\t\t<div class=\"before-heading\">\n\t\t\t\t<svg width=\"39\" height=\"46\" viewBox=\"0 0 39 46\" fill=\"none\" xmlns=\"http:\/\/www.w3.org\/2000\/svg\">\n\t\t\t\t\t<path d=\"M10.4704 28.6324C14.1553 25.1233 24.3534 16.9879 35.666 12.5187M14.1238 40.7067C17.356 40.4323 25.7308 40.4869 33.3727 42.9013M3.27597 19.8167C4.44827 16.7921 8.17389 9.29141 13.698 3.48513\" stroke=\"black\" stroke-width=\"5\" stroke-linecap=\"round\"\/>\n\t\t\t\t<\/svg>\n\t\t\t<\/div>\t\n\t\t\t\t<\/h3>\n\n\t<\/div>\n<\/div>\t\t\t\t<\/div>\n\t\t\t\t<\/div>\n\t\t\t\t<div class=\"elementor-element elementor-element-a436945 elementor-widget elementor-widget-pxl_text_editor\" data-id=\"a436945\" data-element_type=\"widget\" data-widget_type=\"pxl_text_editor.default\">\n\t\t\t\t<div class=\"elementor-widget-container\">\n\t\t\t\t\t<div class=\"pxl-text-editor\">\n\t<div class=\"pxl-item--inner  \" data-wow-delay=\"ms\">\n\t\t<p>Avez-vous d\u2019autres questions ou besoin d\u2019informations suppl\u00e9mentaires ? N\u2019h\u00e9sitez pas \u00e0 nous contacter ! Envoyez-nous un email \u00e0 <a href=\"mailto:contact@callkom.io\">contact@callkom.io<\/a>\u00a0<\/p>\t\t\n\t<\/div>\n<\/div>\t\t\t\t<\/div>\n\t\t\t\t<\/div>\n\t\t            <\/div>\r\n        <\/div>\r\n        \t\t\t<\/div>\n\t\t<\/section>\n\t\t        <section class=\"elementor-section elementor-top-section elementor-element elementor-element-406d9cf elementor-section-stretched elementor-hidden-desktop elementor-hidden-laptop elementor-hidden-tablet elementor-hidden-mobile elementor-section-boxed elementor-section-height-default elementor-section-height-default pxl-row-scroll-none none\" data-id=\"406d9cf\" data-element_type=\"section\" data-settings=\"{&quot;stretch_section&quot;:&quot;section-stretched&quot;}\">\n\n                \n                <div class=\"elementor-container elementor-column-gap-extended \">\n                <div class=\"elementor-column elementor-col-100 elementor-top-column elementor-element elementor-element-10b2f57 pxl-column-none\" data-id=\"10b2f57\" data-element_type=\"column\">\r\n        <div class=\"elementor-widget-wrap elementor-element-populated\">\r\n                     \r\n        \t\t<div class=\"elementor-element elementor-element-9839a59 elementor-widget elementor-widget-pxl_heading\" data-id=\"9839a59\" data-element_type=\"widget\" data-widget_type=\"pxl_heading.default\">\n\t\t\t\t<div class=\"elementor-widget-container\">\n\t\t\t\t\t<div id=\"pxl-pxl_heading-9839a59-5137\" class=\"pxl-heading pxl-heading--tcustom df-style\">\n\t<div class=\"pxl-heading--inner title heading mb-style animationtext clip\">\n\t\t\n\t\t<h3 class=\"pxl-item--title  \" data-wow-delay=\"ms\">\n\t\tTrouvez les r\u00e9ponses \u00e0 toutes vos questions \t\t\t\t\n\t\t\t\t<\/h3>\n\n\t<\/div>\n<\/div>\t\t\t\t<\/div>\n\t\t\t\t<\/div>\n\t\t\t\t<div class=\"elementor-element elementor-element-606523d elementor-widget__width-initial elementor-widget elementor-widget-pxl_accordion\" data-id=\"606523d\" data-element_type=\"widget\" data-widget_type=\"pxl_accordion.default\">\n\t\t\t\t<div class=\"elementor-widget-container\">\n\t\t\t\t\t    <div class=\"pxl-accordion pxl-accordion1 \" data-wow-delay=\"ms\">\r\n                    <div class=\"pxl--item active\">\r\n                <h5 class=\"pxl-item--title\" data-target=\"#pxl_accordion-606523d-7407-2ea1a43\">\r\n                                <span class=\"pxl-title--text\">Qu'est-ce que Callkom<\/span>\r\n                <i class=\"icon-plus\"><\/i>\r\n                <\/h5>\r\n                <div id=\"pxl_accordion-606523d-7407-2ea1a43\" class=\"pxl-item--content\" style=\"display: block;\">Callkom est une application SaaS propuls\u00e9e par l'IA, con\u00e7ue pour automatiser et optimiser la gestion des appels entrants et sortants, afin d'am\u00e9liorer la productivit\u00e9 et l'efficacit\u00e9 de votre entreprise.<\/div>\r\n            <\/div>\r\n                    <div class=\"pxl--item \">\r\n                <h5 class=\"pxl-item--title\" data-target=\"#pxl_accordion-606523d-7407-714d76b\">\r\n                                <span class=\"pxl-title--text\">Quels secteurs peuvent utiliser Callkom?<\/span>\r\n                <i class=\"icon-plus\"><\/i>\r\n                <\/h5>\r\n                <div id=\"pxl_accordion-606523d-7407-714d76b\" class=\"pxl-item--content\" >Callkom est une solution polyvalente, adapt\u00e9e \u00e0 de nombreux secteurs : m\u00e9dical, immobilier, support client, h\u00f4tellerie, transport, e-commerce, concessions automobiles, services financiers, et bien d'autres.<\/div>\r\n            <\/div>\r\n                    <div class=\"pxl--item \">\r\n                <h5 class=\"pxl-item--title\" data-target=\"#pxl_accordion-606523d-7407-3e067b8\">\r\n                                <span class=\"pxl-title--text\">IEst-ce que Callkom est conforme aux lois sur la protection des donn\u00e9es?<\/span>\r\n                <i class=\"icon-plus\"><\/i>\r\n                <\/h5>\r\n                <div id=\"pxl_accordion-606523d-7407-3e067b8\" class=\"pxl-item--content\" >Oui, Callkom est enti\u00e8rement conforme aux normes RGPD et aux lois locales sur la confidentialit\u00e9. Elle int\u00e8gre des solutions telles que la gestion des listes d'opposition (par exemple : Bloctel en France) pour garantir une utilisation responsable.<\/div>\r\n            <\/div>\r\n                    <div class=\"pxl--item \">\r\n                <h5 class=\"pxl-item--title\" data-target=\"#pxl_accordion-606523d-7407-70b2ca7\">\r\n                                <span class=\"pxl-title--text\">Puis-je personnaliser l\u2019agent IA?<\/span>\r\n                <i class=\"icon-plus\"><\/i>\r\n                <\/h5>\r\n                <div id=\"pxl_accordion-606523d-7407-70b2ca7\" class=\"pxl-item--content\" >Bien s\u00fbr ! Callkom offre des options de personnalisation approfondies, allant des r\u00e9ponses vocales aux flux d\u2019appels sp\u00e9cifiques, afin de r\u00e9pondre pr\u00e9cis\u00e9ment aux besoins de votre entreprise.<\/div>\r\n            <\/div>\r\n                    <div class=\"pxl--item \">\r\n                <h5 class=\"pxl-item--title\" data-target=\"#pxl_accordion-606523d-7407-17b6848\">\r\n                                <span class=\"pxl-title--text\">Comment puis-je int\u00e9grer Callkom dans mon entreprise?<\/span>\r\n                <i class=\"icon-plus\"><\/i>\r\n                <\/h5>\r\n                <div id=\"pxl_accordion-606523d-7407-17b6848\" class=\"pxl-item--content\" >L\u2019int\u00e9gration de Callkom est simple et rapide. Il se connecte facilement \u00e0 vos outils existants (CRM, calendriers, logiciels de gestion) et nos experts vous accompagnent pour une mise en \u0153uvre r\u00e9ussie.<br \/>\n<\/div>\r\n            <\/div>\r\n                    <div class=\"pxl--item \">\r\n                <h5 class=\"pxl-item--title\" data-target=\"#pxl_accordion-606523d-7407-e952314\">\r\n                                <span class=\"pxl-title--text\">Quel est le co\u00fbt de Callkom?<\/span>\r\n                <i class=\"icon-plus\"><\/i>\r\n                <\/h5>\r\n                <div id=\"pxl_accordion-606523d-7407-e952314\" class=\"pxl-item--content\" >Les tarifs commencent \u00e0 partir de <b>499 \u20ac\/agent\/mois<\/b> pour le plan Standard. Si vous avez des besoins sp\u00e9cifiques, nous proposons des options de personnalisation sur devis.<br \/>\n<\/div>\r\n            <\/div>\r\n                    <div class=\"pxl--item \">\r\n                <h5 class=\"pxl-item--title\" data-target=\"#pxl_accordion-606523d-7407-4503c6e\">\r\n                                <span class=\"pxl-title--text\">Qui peut utiliser Callkom dans mon entreprise?<\/span>\r\n                <i class=\"icon-plus\"><\/i>\r\n                <\/h5>\r\n                <div id=\"pxl_accordion-606523d-7407-4503c6e\" class=\"pxl-item--content\" >Callkom peut \u00eatre utilis\u00e9 par vos managers, \u00e9quipes commerciales, responsables de support client, agents de service apr\u00e8s-vente, et toute personne interagissant directement avec vos clients.<br \/>\n<\/div>\r\n            <\/div>\r\n                    <div class=\"pxl--item \">\r\n                <h5 class=\"pxl-item--title\" data-target=\"#pxl_accordion-606523d-7407-7ec2a0d\">\r\n                                <span class=\"pxl-title--text\">Quels sont les avantages de Callkom<\/span>\r\n                <i class=\"icon-plus\"><\/i>\r\n                <\/h5>\r\n                <div id=\"pxl_accordion-606523d-7407-7ec2a0d\" class=\"pxl-item--content\" ><ul><br \/>\n                                \t<li>Gain de temps gr\u00e2ce \u00e0 l'automatisation.<\/li><br \/>\n                                \t<li>R\u00e9duction des erreurs humaines.<\/li><br \/>\n                                \t<li>Am\u00e9lioration de la satisfaction client gr\u00e2ce \u00e0 des suivis pr\u00e9cis et rapides.<\/li><br \/>\n                                \t<li>Analyse des performances en temps r\u00e9el via des tableaux de bord d\u00e9taill\u00e9s.<\/li><br \/>\n                                <\/ul><\/div>\r\n            <\/div>\r\n            <\/div>\r\n    \t\t\t\t<\/div>\n\t\t\t\t<\/div>\n\t\t            <\/div>\r\n        <\/div>\r\n        \t\t\t<\/div>\n\t\t<\/section>\n\t\t<div class=\"elementor-element elementor-element-c463df7 faq-section e-flex e-con-boxed e-con e-parent\" data-id=\"c463df7\" data-element_type=\"container\" id=\"faq-section\">\n\t\t\t\t\t<div class=\"e-con-inner\">\n\t\t<div class=\"elementor-element elementor-element-3da5cfd e-con-full e-flex e-con e-child\" data-id=\"3da5cfd\" data-element_type=\"container\">\n\t\t\t\t<div class=\"elementor-element elementor-element-216bc1b elementor-widget elementor-widget-pxl_heading\" data-id=\"216bc1b\" data-element_type=\"widget\" data-widget_type=\"pxl_heading.default\">\n\t\t\t\t<div class=\"elementor-widget-container\">\n\t\t\t\t\t<div id=\"pxl-pxl_heading-216bc1b-4502\" class=\"pxl-heading pxl-heading--tcustom df-style\">\n\t<div class=\"pxl-heading--inner title heading mb-style animationtext clip\">\n\t\t\n\t\t<h3 class=\"pxl-item--title  wow skewIn\" data-wow-delay=\"ms\">\n\t\tTrouvez les r\u00e9ponses \u00e0 toutes vos questions \t\t\t\t\n\t\t\t\t<\/h3>\n\n\t<\/div>\n<\/div>\t\t\t\t<\/div>\n\t\t\t\t<\/div>\n\t\t\t\t<div class=\"elementor-element elementor-element-fad40bc elementor-widget elementor-widget-pxl_accordion\" data-id=\"fad40bc\" data-element_type=\"widget\" data-widget_type=\"pxl_accordion.default\">\n\t\t\t\t<div class=\"elementor-widget-container\">\n\t\t\t\t\t    <div class=\"pxl-accordion pxl-accordion1 \" data-wow-delay=\"ms\">\r\n                    <div class=\"pxl--item active\">\r\n                <h5 class=\"pxl-item--title\" data-target=\"#pxl_accordion-fad40bc-6012-2ea1a43\">\r\n                                <span class=\"pxl-title--text\">Qu'est-ce que Callkom<\/span>\r\n                <i class=\"icon-plus\"><\/i>\r\n                <\/h5>\r\n                <div id=\"pxl_accordion-fad40bc-6012-2ea1a43\" class=\"pxl-item--content\" style=\"display: block;\">Callkom est une application SaaS propuls\u00e9e par l'IA, con\u00e7ue pour automatiser et optimiser la gestion des appels entrants et sortants, afin d'am\u00e9liorer la productivit\u00e9 et l'efficacit\u00e9 de votre entreprise.<\/div>\r\n            <\/div>\r\n                    <div class=\"pxl--item \">\r\n                <h5 class=\"pxl-item--title\" data-target=\"#pxl_accordion-fad40bc-6012-714d76b\">\r\n                                <span class=\"pxl-title--text\">Quels secteurs peuvent utiliser Callkom?<\/span>\r\n                <i class=\"icon-plus\"><\/i>\r\n                <\/h5>\r\n                <div id=\"pxl_accordion-fad40bc-6012-714d76b\" class=\"pxl-item--content\" >Callkom est une solution polyvalente, adapt\u00e9e \u00e0 de nombreux secteurs : m\u00e9dical, immobilier, support client, h\u00f4tellerie, transport, e-commerce, concessions automobiles, services financiers, et bien d'autres.<\/div>\r\n            <\/div>\r\n                    <div class=\"pxl--item \">\r\n                <h5 class=\"pxl-item--title\" data-target=\"#pxl_accordion-fad40bc-6012-3e067b8\">\r\n                                <span class=\"pxl-title--text\">IEst-ce que Callkom est conforme aux lois sur la protection des donn\u00e9es?<\/span>\r\n                <i class=\"icon-plus\"><\/i>\r\n                <\/h5>\r\n                <div id=\"pxl_accordion-fad40bc-6012-3e067b8\" class=\"pxl-item--content\" >Oui, Callkom est enti\u00e8rement conforme aux normes RGPD et aux lois locales sur la confidentialit\u00e9. Elle int\u00e8gre des solutions telles que la gestion des listes d'opposition (par exemple : Bloctel en France) pour garantir une utilisation responsable.<\/div>\r\n            <\/div>\r\n                    <div class=\"pxl--item \">\r\n                <h5 class=\"pxl-item--title\" data-target=\"#pxl_accordion-fad40bc-6012-70b2ca7\">\r\n                                <span class=\"pxl-title--text\">Puis-je personnaliser l\u2019agent IA?<\/span>\r\n                <i class=\"icon-plus\"><\/i>\r\n                <\/h5>\r\n                <div id=\"pxl_accordion-fad40bc-6012-70b2ca7\" class=\"pxl-item--content\" >Bien s\u00fbr ! Callkom offre des options de personnalisation approfondies, allant des r\u00e9ponses vocales aux flux d\u2019appels sp\u00e9cifiques, afin de r\u00e9pondre pr\u00e9cis\u00e9ment aux besoins de votre entreprise.<\/div>\r\n            <\/div>\r\n                    <div class=\"pxl--item \">\r\n                <h5 class=\"pxl-item--title\" data-target=\"#pxl_accordion-fad40bc-6012-17b6848\">\r\n                                <span class=\"pxl-title--text\">Comment puis-je int\u00e9grer Callkom dans mon entreprise?<\/span>\r\n                <i class=\"icon-plus\"><\/i>\r\n                <\/h5>\r\n                <div id=\"pxl_accordion-fad40bc-6012-17b6848\" class=\"pxl-item--content\" >L\u2019int\u00e9gration de Callkom est simple et rapide. Il se connecte facilement \u00e0 vos outils existants (CRM, calendriers, logiciels de gestion) et nos experts vous accompagnent pour une mise en \u0153uvre r\u00e9ussie.<br \/>\n<\/div>\r\n            <\/div>\r\n                    <div class=\"pxl--item \">\r\n                <h5 class=\"pxl-item--title\" data-target=\"#pxl_accordion-fad40bc-6012-e952314\">\r\n                                <span class=\"pxl-title--text\">Quel est le co\u00fbt de Callkom?<\/span>\r\n                <i class=\"icon-plus\"><\/i>\r\n                <\/h5>\r\n                <div id=\"pxl_accordion-fad40bc-6012-e952314\" class=\"pxl-item--content\" >Les tarifs commencent \u00e0 partir de <b>499 \u20ac\/agent\/mois<\/b> pour le plan Standard. Si vous avez des besoins sp\u00e9cifiques, nous proposons des options de personnalisation sur devis.<br \/>\n<\/div>\r\n            <\/div>\r\n                    <div class=\"pxl--item \">\r\n                <h5 class=\"pxl-item--title\" data-target=\"#pxl_accordion-fad40bc-6012-4503c6e\">\r\n                                <span class=\"pxl-title--text\">Qui peut utiliser Callkom dans mon entreprise?<\/span>\r\n                <i class=\"icon-plus\"><\/i>\r\n                <\/h5>\r\n                <div id=\"pxl_accordion-fad40bc-6012-4503c6e\" class=\"pxl-item--content\" >Callkom peut \u00eatre utilis\u00e9 par vos managers, \u00e9quipes commerciales, responsables de support client, agents de service apr\u00e8s-vente, et toute personne interagissant directement avec vos clients.<br \/>\n<\/div>\r\n            <\/div>\r\n                    <div class=\"pxl--item \">\r\n                <h5 class=\"pxl-item--title\" data-target=\"#pxl_accordion-fad40bc-6012-7ec2a0d\">\r\n                                <span class=\"pxl-title--text\">Quels sont les avantages de Callkom<\/span>\r\n                <i class=\"icon-plus\"><\/i>\r\n                <\/h5>\r\n                <div id=\"pxl_accordion-fad40bc-6012-7ec2a0d\" class=\"pxl-item--content\" ><ul><br \/>\n                                \t<li>Gain de temps gr\u00e2ce \u00e0 l'automatisation.<\/li><br \/>\n                                \t<li>R\u00e9duction des erreurs humaines.<\/li><br \/>\n                                \t<li>Am\u00e9lioration de la satisfaction client gr\u00e2ce \u00e0 des suivis pr\u00e9cis et rapides.<\/li><br \/>\n                                \t<li>Analyse des performances en temps r\u00e9el via des tableaux de bord d\u00e9taill\u00e9s.<\/li><br \/>\n                                <\/ul><\/div>\r\n            <\/div>\r\n            <\/div>\r\n    \t\t\t\t<\/div>\n\t\t\t\t<\/div>\n\t\t\t\t<\/div>\n\t\t\t\t\t<\/div>\n\t\t\t\t<\/div>\n\t\t\t\t<\/div>\n\t\t","protected":false},"excerpt":{"rendered":"<p>Accueil FAQs Avez-vous d\u2019autres questions ou besoin d\u2019informations suppl\u00e9mentaires ? N\u2019h\u00e9sitez pas \u00e0 nous contacter ! Envoyez-nous un email \u00e0 contact@callkom.io\u00a0 Trouvez les r\u00e9ponses \u00e0 toutes vos questions Qu&#8217;est-ce que Callkom Callkom est une application SaaS propuls\u00e9e par l&#8217;IA, con\u00e7ue pour automatiser et optimiser la gestion des appels entrants et sortants, afin d&#8217;am\u00e9liorer la productivit\u00e9 [&hellip;]<\/p>\n","protected":false},"author":1,"featured_media":0,"parent":0,"menu_order":0,"comment_status":"closed","ping_status":"closed","template":"","meta":{"footnotes":""},"class_list":["post-4011","page","type-page","status-publish","hentry"],"_links":{"self":[{"href":"https:\/\/callkom.io\/fr\/wp-json\/wp\/v2\/pages\/4011","targetHints":{"allow":["GET"]}}],"collection":[{"href":"https:\/\/callkom.io\/fr\/wp-json\/wp\/v2\/pages"}],"about":[{"href":"https:\/\/callkom.io\/fr\/wp-json\/wp\/v2\/types\/page"}],"author":[{"embeddable":true,"href":"https:\/\/callkom.io\/fr\/wp-json\/wp\/v2\/users\/1"}],"replies":[{"embeddable":true,"href":"https:\/\/callkom.io\/fr\/wp-json\/wp\/v2\/comments?post=4011"}],"version-history":[{"count":37,"href":"https:\/\/callkom.io\/fr\/wp-json\/wp\/v2\/pages\/4011\/revisions"}],"predecessor-version":[{"id":6406,"href":"https:\/\/callkom.io\/fr\/wp-json\/wp\/v2\/pages\/4011\/revisions\/6406"}],"wp:attachment":[{"href":"https:\/\/callkom.io\/fr\/wp-json\/wp\/v2\/media?parent=4011"}],"curies":[{"name":"wp","href":"https:\/\/api.w.org\/{rel}","templated":true}]}}