{"id":4018,"date":"2023-08-25T15:20:42","date_gmt":"2023-08-25T15:20:42","guid":{"rendered":"https:\/\/callkom.io\/contact-us\/"},"modified":"2026-01-12T14:20:45","modified_gmt":"2026-01-12T14:20:45","slug":"contactez-nous","status":"publish","type":"page","link":"https:\/\/callkom.io\/fr\/contactez-nous\/","title":{"rendered":"Contactez nous"},"content":{"rendered":"\t\t<div data-elementor-type=\"wp-page\" data-elementor-id=\"4018\" class=\"elementor elementor-4018 elementor-16\" data-elementor-post-type=\"page\">\n\t\t\t\t        <section class=\"elementor-section elementor-top-section elementor-element elementor-element-fb7e8d3 elementor-section-stretched elementor-section-boxed elementor-section-height-default elementor-section-height-default pxl-row-scroll-none none\" data-id=\"fb7e8d3\" data-element_type=\"section\" data-settings=\"{&quot;stretch_section&quot;:&quot;section-stretched&quot;,&quot;background_background&quot;:&quot;classic&quot;}\">\n\n                \n                <div class=\"elementor-container elementor-column-gap-extended \">\n                <div class=\"elementor-column elementor-col-100 elementor-top-column elementor-element elementor-element-39b1bad pxl-column-none\" data-id=\"39b1bad\" data-element_type=\"column\">\r\n        <div class=\"elementor-widget-wrap elementor-element-populated\">\r\n                     \r\n        \t\t<div class=\"elementor-element elementor-element-9a8c1ab elementor-widget elementor-widget-pxl_breadcrumb\" data-id=\"9a8c1ab\" data-element_type=\"widget\" data-widget_type=\"pxl_breadcrumb.default\">\n\t\t\t\t<div class=\"elementor-widget-container\">\n\t\t\t\t\t<ul class=\"pxl-breadcrumb\"><li><span class=\"breadcrumb-entry\">Accueil<\/span><\/li><\/ul>\t\t\t\t<\/div>\n\t\t\t\t<\/div>\n\t\t\t\t<div class=\"elementor-element elementor-element-8c3ee65 elementor-widget elementor-widget-pxl_heading\" data-id=\"8c3ee65\" data-element_type=\"widget\" data-widget_type=\"pxl_heading.default\">\n\t\t\t\t<div class=\"elementor-widget-container\">\n\t\t\t\t\t<div id=\"pxl-pxl_heading-8c3ee65-8072\" class=\"pxl-heading pxl-heading--tcustom df-style\">\n\t<div class=\"pxl-heading--inner title heading mb-style animationtext clip\">\n\t\t\n\t\t<h3 class=\"pxl-item--title  \" data-wow-delay=\"ms\">\n\t\tContactez nous\t\t\t\t\n\t\t\t\t\t<div class=\"before-heading\">\n\t\t\t\t<svg width=\"39\" height=\"46\" viewBox=\"0 0 39 46\" fill=\"none\" xmlns=\"http:\/\/www.w3.org\/2000\/svg\">\n\t\t\t\t\t<path d=\"M10.4704 28.6324C14.1553 25.1233 24.3534 16.9879 35.666 12.5187M14.1238 40.7067C17.356 40.4323 25.7308 40.4869 33.3727 42.9013M3.27597 19.8167C4.44827 16.7921 8.17389 9.29141 13.698 3.48513\" stroke=\"black\" stroke-width=\"5\" stroke-linecap=\"round\"\/>\n\t\t\t\t<\/svg>\n\t\t\t<\/div>\t\n\t\t\t\t<\/h3>\n\n\t<\/div>\n<\/div>\t\t\t\t<\/div>\n\t\t\t\t<\/div>\n\t\t\t\t<div class=\"elementor-element elementor-element-fb4195d elementor-widget elementor-widget-pxl_text_editor\" data-id=\"fb4195d\" data-element_type=\"widget\" data-widget_type=\"pxl_text_editor.default\">\n\t\t\t\t<div class=\"elementor-widget-container\">\n\t\t\t\t\t<div class=\"pxl-text-editor\">\n\t<div class=\"pxl-item--inner  \" data-wow-delay=\"ms\">\n\t\t<p>Contactez-nous pour en savoir plus sur CallKom Agent et d\u00e9couvrir comment votre \u00e9quipe peut transformer sa fa\u00e7on de travailler avec l&#8217;IA<\/p>\t\t\n\t<\/div>\n<\/div>\t\t\t\t<\/div>\n\t\t\t\t<\/div>\n\t\t            <\/div>\r\n        <\/div>\r\n        \t\t\t<\/div>\n\t\t<\/section>\n\t\t        <section class=\"elementor-section elementor-top-section elementor-element elementor-element-fb9f047 elementor-section-stretched elementor-section-content-middle elementor-section-boxed elementor-section-height-default elementor-section-height-default pxl-row-scroll-none none\" data-id=\"fb9f047\" data-element_type=\"section\" data-settings=\"{&quot;stretch_section&quot;:&quot;section-stretched&quot;}\">\n\n                \n                <div class=\"elementor-container elementor-column-gap-extended \">\n                <div class=\"elementor-column elementor-col-50 elementor-top-column elementor-element elementor-element-f0c96da pxl-column-none\" data-id=\"f0c96da\" data-element_type=\"column\">\r\n        <div class=\"elementor-widget-wrap elementor-element-populated\">\r\n                     \r\n        \t\t<div class=\"elementor-element elementor-element-4399252 elementor-widget elementor-widget-pxl_heading\" data-id=\"4399252\" data-element_type=\"widget\" data-widget_type=\"pxl_heading.default\">\n\t\t\t\t<div class=\"elementor-widget-container\">\n\t\t\t\t\t<div id=\"pxl-pxl_heading-4399252-4075\" class=\"pxl-heading pxl-heading--tcustom df-style\">\n\t<div class=\"pxl-heading--inner title heading mb-style animationtext clip\">\n\t\t\n\t\t<h3 class=\"pxl-item--title  \" data-wow-delay=\"ms\">\n\t\tNous serions ravis de vous aider\t\t\t\t\n\t\t\t\t<\/h3>\n\n\t<\/div>\n<\/div>\t\t\t\t<\/div>\n\t\t\t\t<\/div>\n\t\t\t\t<div class=\"elementor-element elementor-element-c61c730 elementor-widget elementor-widget-pxl_text_editor\" data-id=\"c61c730\" data-element_type=\"widget\" data-widget_type=\"pxl_text_editor.default\">\n\t\t\t\t<div class=\"elementor-widget-container\">\n\t\t\t\t\t<div class=\"pxl-text-editor\">\n\t<div class=\"pxl-item--inner  \" data-wow-delay=\"ms\">\n\t\t<p>Dites adieu aux tracas de la gestion de plusieurs comptes aupr\u00e8s de diff\u00e9rentes institutions<\/p>\t\t\n\t<\/div>\n<\/div>\t\t\t\t<\/div>\n\t\t\t\t<\/div>\n\t\t\t\t<div class=\"elementor-element elementor-element-c249c25 elementor-widget elementor-widget-pxl_icon_box\" data-id=\"c249c25\" data-element_type=\"widget\" data-widget_type=\"pxl_icon_box.default\">\n\t\t\t\t<div class=\"elementor-widget-container\">\n\t\t\t\t\t<div class=\"pxl-icon-box pxl-icon-box3 \" data-wow-delay=\"ms\">\r\n    <div class=\"pxl-item--inner\">\r\n        <div class=\"pxl-item--icon \">\r\n                                                <svg xmlns=\"http:\/\/www.w3.org\/2000\/svg\" width=\"20\" height=\"20\" viewBox=\"0 0 20 20\" fill=\"none\"><path d=\"M12.9116 11.6256C13.0154 11.5565 13.1349 11.5144 13.2591 11.5031C13.3834 11.4918 13.5085 11.5117 13.6231 11.5609L18.0444 13.5419C18.1934 13.6056 18.3177 13.7158 18.3989 13.8561C18.48 13.9963 18.5135 14.1591 18.4944 14.32C18.3487 15.4085 17.8127 16.407 16.986 17.1299C16.1593 17.8528 15.0982 18.2508 14 18.25C10.6185 18.25 7.37548 16.9067 4.98439 14.5156C2.5933 12.1245 1.25 8.88151 1.25 5.5C1.24916 4.40182 1.6472 3.3407 2.37009 2.514C3.09298 1.6873 4.09152 1.15128 5.18 1.00563C5.34091 0.98651 5.50367 1.02002 5.64394 1.10114C5.78422 1.18226 5.89444 1.30663 5.95812 1.45563L7.93906 5.88063C7.98773 5.99428 8.00755 6.1182 7.99676 6.24136C7.98596 6.36453 7.94489 6.48311 7.87719 6.58656L5.87375 8.96875C5.80268 9.07598 5.76066 9.19982 5.75179 9.32816C5.74291 9.4565 5.76749 9.58494 5.82312 9.70094C6.59844 11.2881 8.23906 12.9091 9.83094 13.6769C9.94754 13.7323 10.0766 13.7563 10.2053 13.7466C10.334 13.7369 10.458 13.6938 10.565 13.6216L12.9116 11.6256Z\" stroke=\"black\" stroke-width=\"2\" stroke-linecap=\"round\" stroke-linejoin=\"round\"><\/path><\/svg>                                            <\/div>\r\n            <a href=\"tel:12345678\">\r\n                <h5 class=\"pxl-item-title el-empty\">+ 33 4 49 31 15 95<\/h5>\r\n            <\/a>\r\n            <\/div>\r\n<\/div>\t\t\t\t<\/div>\n\t\t\t\t<\/div>\n\t\t\t\t<div class=\"elementor-element elementor-element-1d38628 elementor-widget elementor-widget-pxl_icon_box\" data-id=\"1d38628\" data-element_type=\"widget\" data-widget_type=\"pxl_icon_box.default\">\n\t\t\t\t<div class=\"elementor-widget-container\">\n\t\t\t\t\t<div class=\"pxl-icon-box pxl-icon-box3 \" data-wow-delay=\"ms\">\r\n    <div class=\"pxl-item--inner\">\r\n        <div class=\"pxl-item--icon \">\r\n                                                <svg xmlns=\"http:\/\/www.w3.org\/2000\/svg\" width=\"21\" height=\"21\" viewBox=\"0 0 21 21\" fill=\"none\"><g clip-path=\"url(#clip0_156_149)\"><path d=\"M3 8.04297V16.168C3 16.3337 3.06585 16.4927 3.18306 16.6099C3.30027 16.7271 3.45924 16.793 3.625 16.793H17.375C17.5408 16.793 17.6997 16.7271 17.8169 16.6099C17.9342 16.4927 18 16.3337 18 16.168V8.04297L10.5 3.04297L3 8.04297Z\" stroke=\"white\" stroke-width=\"1.5\" stroke-linecap=\"round\" stroke-linejoin=\"round\"><\/path><path d=\"M18 8.04297L11.8641 12.418H9.13672L3 8.04297\" stroke=\"white\" stroke-width=\"1.5\" stroke-linecap=\"round\" stroke-linejoin=\"round\"><\/path><\/g><defs><clipPath id=\"clip0_156_149\"><rect width=\"20\" height=\"20\" fill=\"white\" transform=\"translate(0.668457 0.542969)\"><\/rect><\/clipPath><\/defs><\/svg>                                            <\/div>\r\n            <a href=\"mailto:contact@callkom.io\">\r\n                <h5 class=\"pxl-item-title el-empty\">contact@callkom.io<\/h5>\r\n            <\/a>\r\n            <\/div>\r\n<\/div>\t\t\t\t<\/div>\n\t\t\t\t<\/div>\n\t\t            <\/div>\r\n        <\/div>\r\n                <div class=\"elementor-column elementor-col-50 elementor-top-column elementor-element elementor-element-2446fff pxl-column-none\" data-id=\"2446fff\" data-element_type=\"column\">\r\n        <div class=\"elementor-widget-wrap elementor-element-populated\">\r\n                     \r\n        \t\t<div class=\"elementor-element elementor-element-63b792c elementor-widget elementor-widget-pxl_contact_form\" data-id=\"63b792c\" data-element_type=\"widget\" data-widget_type=\"pxl_contact_form.default\">\n\t\t\t\t<div class=\"elementor-widget-container\">\n\t\t\t\t\t    <div class=\"pxl-contact-form pxl-contact-form1 notice-style1 box-style-none btn-w-auto \" data-wow-delay=\"ms\">\r\n                \n<div class=\"wpcf7 no-js\" id=\"wpcf7-f4114-o1\" lang=\"fr-FR\" dir=\"ltr\" data-wpcf7-id=\"4114\">\n<div class=\"screen-reader-response\"><p role=\"status\" aria-live=\"polite\" aria-atomic=\"true\"><\/p> <ul><\/ul><\/div>\n<form action=\"\/fr\/wp-json\/wp\/v2\/pages\/4018#wpcf7-f4114-o1\" method=\"post\" class=\"wpcf7-form init\" aria-label=\"Formulaire de contact\" novalidate=\"novalidate\" data-status=\"init\">\n<fieldset class=\"hidden-fields-container\"><input type=\"hidden\" name=\"_wpcf7\" value=\"4114\" \/><input type=\"hidden\" name=\"_wpcf7_version\" value=\"6.1.4\" \/><input type=\"hidden\" name=\"_wpcf7_locale\" value=\"fr_FR\" \/><input type=\"hidden\" name=\"_wpcf7_unit_tag\" value=\"wpcf7-f4114-o1\" \/><input type=\"hidden\" name=\"_wpcf7_container_post\" value=\"0\" \/><input type=\"hidden\" name=\"_wpcf7_posted_data_hash\" value=\"\" \/>\n<\/fieldset>\n<div class=\"wrap-ctf2\">\n\t<div class=\"row\">\n\t\t<div class=\"input-filled col-xl-6 col-lg-6 col-xs-6 col-12\">\n\t\t\t<p><span class=\"wpcf7-form-control-wrap your-name\"><br \/>\n<span class=\"wpcf7-form-control-wrap\" data-name=\"your-name\"><input size=\"40\" maxlength=\"400\" class=\"wpcf7-form-control wpcf7-text wpcf7-validates-as-required\" aria-required=\"true\" aria-invalid=\"false\" placeholder=\"Nom complet\" value=\"\" type=\"text\" name=\"your-name\" \/><\/span><br \/>\n<\/span>\n\t\t\t<\/p>\n\t\t<\/div>\n\t\t<div class=\"input-filled col-xl-6 col-lg-6 col-xs-12\">\n\t\t\t<p><span class=\"wpcf7-form-control-wrap your-email\"><br \/>\n<span class=\"wpcf7-form-control-wrap\" data-name=\"your-email\"><input size=\"40\" maxlength=\"400\" class=\"wpcf7-form-control wpcf7-email wpcf7-validates-as-required wpcf7-text wpcf7-validates-as-email\" aria-required=\"true\" aria-invalid=\"false\" placeholder=\"Email\" value=\"\" type=\"email\" name=\"your-email\" \/><\/span><br \/>\n<\/span>\n\t\t\t<\/p>\n\t\t<\/div>\n\t<\/div>\n\t<div class=\"row\">\n\t\t<div class=\"input-filled col-xl-6 col-lg-6 col-xs-6 col-12\">\n\t\t\t<p><span class=\"wpcf7-form-control-wrap your-phone\"><br \/>\n<span class=\"wpcf7-form-control-wrap\" data-name=\"your-phone\"><input size=\"40\" maxlength=\"400\" class=\"wpcf7-form-control wpcf7-tel wpcf7-text wpcf7-validates-as-tel\" aria-invalid=\"false\" placeholder=\"T\u00e9l\u00e9phone\" value=\"\" type=\"tel\" name=\"your-phone\" \/><\/span><br \/>\n<\/span>\n\t\t\t<\/p>\n\t\t<\/div>\n\t\t<div class=\"input-filled col-xl-6 col-lg-6 col-xs-12\">\n\t\t\t<p><span class=\"wpcf7-form-control-wrap your-sector\"><br \/>\n<span class=\"wpcf7-form-control-wrap\" data-name=\"your-sector\"><input size=\"40\" maxlength=\"400\" class=\"wpcf7-form-control wpcf7-text\" aria-invalid=\"false\" placeholder=\"Secteur\" value=\"\" type=\"text\" name=\"your-sector\" \/><\/span><br \/>\n<\/span>\n\t\t\t<\/p>\n\t\t<\/div>\n\t<\/div>\n\t<div class=\"row\">\n\t\t<div class=\"input-filled col-xl-12 col-lg-12 col-xs-12 col-12\">\n\t\t\t<p><span class=\"wpcf7-form-control-wrap your-goal\"><br \/>\n<span class=\"wpcf7-form-control-wrap\" data-name=\"your-goal\"><select class=\"wpcf7-form-control wpcf7-select\" aria-invalid=\"false\" name=\"your-goal\"><option value=\"\">&#8212;Veuillez choisir une option&#8212;<\/option><option value=\"Objectif principal\">Objectif principal<\/option><option value=\"Qualification\">Qualification<\/option><option value=\"Prise de rendez-vous\">Prise de rendez-vous<\/option><option value=\"Support\">Support<\/option><option value=\"Ventes\">Ventes<\/option><\/select><\/span><br \/>\n<\/span>\n\t\t\t<\/p>\n\t\t<\/div>\n\t\t<div class=\"input-filled col-xl-12 col-lg-12 col-xs-12\">\n\t\t\t<p><span class=\"wpcf7-form-control-wrap your-volume\"><br \/>\n<span class=\"wpcf7-form-control-wrap\" data-name=\"your-volume\"><select class=\"wpcf7-form-control wpcf7-select\" aria-invalid=\"false\" name=\"your-volume\"><option value=\"\">&#8212;Veuillez choisir une option&#8212;<\/option><option value=\"Volume d\u2019appels mensuel\">Volume d\u2019appels mensuel<\/option><option value=\"&lt; 1 000\">&lt; 1 000<\/option><option value=\"1 000 \u2013 10 000\">1 000 \u2013 10 000<\/option><option value=\"&gt; 10 000\">&gt; 10 000<\/option><\/select><\/span><br \/>\n<\/span>\n\t\t\t<\/p>\n\t\t<\/div>\n\t<\/div>\n\t<div class=\"input-filled\">\n\t\t<p><span class=\"wpcf7-form-control-wrap your-message\"><br \/>\n<span class=\"wpcf7-form-control-wrap\" data-name=\"your-message\"><textarea cols=\"40\" rows=\"10\" maxlength=\"2000\" class=\"wpcf7-form-control wpcf7-textarea\" aria-invalid=\"false\" placeholder=\"Votre message\" name=\"your-message\"><\/textarea><\/span><br \/>\n<\/span>\n\t\t<\/p>\n\t<\/div>\n\t<div class=\"input-filled text-center\">\n\t\t<p><input class=\"wpcf7-form-control wpcf7-submit has-spinner\" type=\"submit\" value=\"Demander une offre personnalis\u00e9e\" \/>\n\t\t<\/p>\n\t<\/div>\n<\/div><div class=\"wpcf7-response-output\" aria-hidden=\"true\"><\/div>\n<\/form>\n<\/div>\n    <\/div>\r\n\t\t\t\t<\/div>\n\t\t\t\t<\/div>\n\t\t            <\/div>\r\n        <\/div>\r\n        \t\t\t<\/div>\n\t\t<\/section>\n\t\t\t\t<\/div>\n\t\t","protected":false},"excerpt":{"rendered":"<p>Accueil Contactez nous Contactez-nous pour en savoir plus sur CallKom Agent et d\u00e9couvrir comment votre \u00e9quipe peut transformer sa fa\u00e7on de travailler avec l&#8217;IA Nous serions ravis de vous aider Dites adieu aux tracas de la gestion de plusieurs comptes aupr\u00e8s de diff\u00e9rentes institutions + 33 4 49 31 15 95 contact@callkom.io &#8212;Please choose an [&hellip;]<\/p>\n","protected":false},"author":1,"featured_media":0,"parent":0,"menu_order":0,"comment_status":"closed","ping_status":"closed","template":"","meta":{"footnotes":""},"class_list":["post-4018","page","type-page","status-publish","hentry"],"_links":{"self":[{"href":"https:\/\/callkom.io\/fr\/wp-json\/wp\/v2\/pages\/4018","targetHints":{"allow":["GET"]}}],"collection":[{"href":"https:\/\/callkom.io\/fr\/wp-json\/wp\/v2\/pages"}],"about":[{"href":"https:\/\/callkom.io\/fr\/wp-json\/wp\/v2\/types\/page"}],"author":[{"embeddable":true,"href":"https:\/\/callkom.io\/fr\/wp-json\/wp\/v2\/users\/1"}],"replies":[{"embeddable":true,"href":"https:\/\/callkom.io\/fr\/wp-json\/wp\/v2\/comments?post=4018"}],"version-history":[{"count":46,"href":"https:\/\/callkom.io\/fr\/wp-json\/wp\/v2\/pages\/4018\/revisions"}],"predecessor-version":[{"id":6661,"href":"https:\/\/callkom.io\/fr\/wp-json\/wp\/v2\/pages\/4018\/revisions\/6661"}],"wp:attachment":[{"href":"https:\/\/callkom.io\/fr\/wp-json\/wp\/v2\/media?parent=4018"}],"curies":[{"name":"wp","href":"https:\/\/api.w.org\/{rel}","templated":true}]}}