{"id":4306,"date":"2025-02-03T05:25:25","date_gmt":"2025-02-03T05:25:25","guid":{"rendered":"https:\/\/callkom.io\/conditions-dutilisation\/"},"modified":"2025-12-05T12:25:25","modified_gmt":"2025-12-05T12:25:25","slug":"mentions-legales","status":"publish","type":"page","link":"https:\/\/callkom.io\/fr\/mentions-legales\/","title":{"rendered":"Conditions d&#8217;utilisation"},"content":{"rendered":"\t\t<div data-elementor-type=\"wp-page\" data-elementor-id=\"4306\" class=\"elementor elementor-4306 elementor-3563\" data-elementor-post-type=\"page\">\n\t\t\t\t        <section class=\"elementor-section elementor-top-section elementor-element elementor-element-9d1d553 elementor-section-stretched elementor-section-boxed elementor-section-height-default elementor-section-height-default pxl-row-scroll-none none\" data-id=\"9d1d553\" data-element_type=\"section\" data-settings=\"{&quot;stretch_section&quot;:&quot;section-stretched&quot;,&quot;background_background&quot;:&quot;classic&quot;}\">\n\n                \n                <div class=\"elementor-container elementor-column-gap-extended \">\n                <div class=\"elementor-column elementor-col-100 elementor-top-column elementor-element elementor-element-cea445b pxl-column-none\" data-id=\"cea445b\" data-element_type=\"column\">\r\n        <div class=\"elementor-widget-wrap elementor-element-populated\">\r\n                     \r\n        \t\t<div class=\"elementor-element elementor-element-2b7e8e6 elementor-widget elementor-widget-pxl_heading\" data-id=\"2b7e8e6\" data-element_type=\"widget\" data-widget_type=\"pxl_heading.default\">\n\t\t\t\t<div class=\"elementor-widget-container\">\n\t\t\t\t\t<div id=\"pxl-pxl_heading-2b7e8e6-9861\" class=\"pxl-heading pxl-heading--tcustom df-style\">\n\t<div class=\"pxl-heading--inner title heading mb-style animationtext clip\">\n\t\t\n\t\t<h3 class=\"pxl-item--title  \" data-wow-delay=\"ms\">\n\t\tMentions L\u00e9gales\t\t\t\t\n\t\t\t\t\t<div class=\"before-heading\">\n\t\t\t\t<svg width=\"39\" height=\"46\" viewBox=\"0 0 39 46\" fill=\"none\" xmlns=\"http:\/\/www.w3.org\/2000\/svg\">\n\t\t\t\t\t<path d=\"M10.4704 28.6324C14.1553 25.1233 24.3534 16.9879 35.666 12.5187M14.1238 40.7067C17.356 40.4323 25.7308 40.4869 33.3727 42.9013M3.27597 19.8167C4.44827 16.7921 8.17389 9.29141 13.698 3.48513\" stroke=\"black\" stroke-width=\"5\" stroke-linecap=\"round\"\/>\n\t\t\t\t<\/svg>\n\t\t\t<\/div>\t\n\t\t\t\t<\/h3>\n\n\t<\/div>\n<\/div>\t\t\t\t<\/div>\n\t\t\t\t<\/div>\n\t\t\t\t<div class=\"elementor-element elementor-element-8ef9b8e elementor-widget elementor-widget-pxl_text_editor\" data-id=\"8ef9b8e\" data-element_type=\"widget\" data-widget_type=\"pxl_text_editor.default\">\n\t\t\t\t<div class=\"elementor-widget-container\">\n\t\t\t\t\t<div class=\"pxl-text-editor\">\n\t<div class=\"pxl-item--inner  \" data-wow-delay=\"ms\">\n\t\t<p>Derni\u00e8re mise \u00e0 jour : 19 Novembre 2025<\/p>\t\t\n\t<\/div>\n<\/div>\t\t\t\t<\/div>\n\t\t\t\t<\/div>\n\t\t            <\/div>\r\n        <\/div>\r\n        \t\t\t<\/div>\n\t\t<\/section>\n\t\t        <section class=\"elementor-section elementor-top-section elementor-element elementor-element-1b53696 elementor-section-stretched elementor-section-boxed elementor-section-height-default elementor-section-height-default pxl-row-scroll-none none\" data-id=\"1b53696\" data-element_type=\"section\" data-settings=\"{&quot;stretch_section&quot;:&quot;section-stretched&quot;}\">\n\n                \n                <div class=\"elementor-container elementor-column-gap-extended \">\n                <div class=\"elementor-column elementor-col-100 elementor-top-column elementor-element elementor-element-9454a51 pxl-column-none\" data-id=\"9454a51\" data-element_type=\"column\">\r\n        <div class=\"elementor-widget-wrap elementor-element-populated\">\r\n                     \r\n        \t\t<div class=\"elementor-element elementor-element-ca983b6 elementor-widget elementor-widget-pxl_text_editor\" data-id=\"ca983b6\" data-element_type=\"widget\" data-widget_type=\"pxl_text_editor.default\">\n\t\t\t\t<div class=\"elementor-widget-container\">\n\t\t\t\t\t<div class=\"pxl-text-editor\">\n\t<div class=\"pxl-item--inner  \" data-wow-delay=\"ms\">\n\t\t<p><span data-contrast=\"none\">Conform\u00e9ment \u00e0 la loi n\u00b0 2004-575 du 21 juin 2004 pour la confiance dans l\u2019\u00e9conomie num\u00e9rique (LCEN), sont pr\u00e9cis\u00e9es ci-apr\u00e8s les informations relatives \u00e0 l\u2019\u00e9diteur, \u00e0 l\u2019h\u00e9bergement et aux conditions d\u2019utilisation du site <\/span><a href=\"https:\/\/callkom.io\/\"><span data-contrast=\"none\">https:\/\/callkom.io<\/span><\/a><span data-contrast=\"none\"> (ci-apr\u00e8s le \u00ab Site \u00bb).<\/span><span data-ccp-props=\"{}\">\u00a0<\/span><\/p><p><span data-contrast=\"none\">Nos Services s\u2019adressent \u00e0 un public professionnel (B2B) et ne sont pas destin\u00e9s aux mineurs.<\/span><span data-ccp-props=\"{}\">\u00a0<\/span><\/p><p><strong>1)Identification de l\u2019\u00e9diteur\u00a0<\/strong><\/p><p><span data-contrast=\"none\">Le Site est \u00e9dit\u00e9 par CALLKOM, SAS immatricul\u00e9e au RCS Marseille sous le n\u00b0 942 593 021, dont le si\u00e8ge social est situ\u00e9 96 rue Paradis, 13006 Marseille, France.<\/span><span data-ccp-props=\"{}\">\u00a0<\/span><\/p><ul><li data-leveltext=\"\uf0b7\" data-font=\"Symbol\" data-listid=\"1\" data-list-defn-props=\"{&quot;335552541&quot;:1,&quot;335559685&quot;:720,&quot;335559991&quot;:360,&quot;469769226&quot;:&quot;Symbol&quot;,&quot;469769242&quot;:[8226],&quot;469777803&quot;:&quot;left&quot;,&quot;469777804&quot;:&quot;\uf0b7&quot;,&quot;469777815&quot;:&quot;hybridMultilevel&quot;}\" data-aria-posinset=\"1\" data-aria-level=\"1\"><span data-contrast=\"none\">SIREN : 942 593 021<\/span><span data-ccp-props=\"{}\">\u00a0<\/span><\/li><\/ul><ul><li data-leveltext=\"\uf0b7\" data-font=\"Symbol\" data-listid=\"1\" data-list-defn-props=\"{&quot;335552541&quot;:1,&quot;335559685&quot;:720,&quot;335559991&quot;:360,&quot;469769226&quot;:&quot;Symbol&quot;,&quot;469769242&quot;:[8226],&quot;469777803&quot;:&quot;left&quot;,&quot;469777804&quot;:&quot;\uf0b7&quot;,&quot;469777815&quot;:&quot;hybridMultilevel&quot;}\" data-aria-posinset=\"2\" data-aria-level=\"1\"><span data-contrast=\"none\">SIRET (si\u00e8ge) : 942 593 021 00010<\/span><span data-ccp-props=\"{}\">\u00a0<\/span><\/li><\/ul><ul><li data-leveltext=\"\uf0b7\" data-font=\"Symbol\" data-listid=\"1\" data-list-defn-props=\"{&quot;335552541&quot;:1,&quot;335559685&quot;:720,&quot;335559991&quot;:360,&quot;469769226&quot;:&quot;Symbol&quot;,&quot;469769242&quot;:[8226],&quot;469777803&quot;:&quot;left&quot;,&quot;469777804&quot;:&quot;\uf0b7&quot;,&quot;469777815&quot;:&quot;hybridMultilevel&quot;}\" data-aria-posinset=\"3\" data-aria-level=\"1\"><span data-contrast=\"none\">Num\u00e9ro de TVA intracommunautaire : FR58 942 593 021<\/span><span data-ccp-props=\"{}\">\u00a0<\/span><\/li><\/ul><ul><li data-leveltext=\"\uf0b7\" data-font=\"Symbol\" data-listid=\"1\" data-list-defn-props=\"{&quot;335552541&quot;:1,&quot;335559685&quot;:720,&quot;335559991&quot;:360,&quot;469769226&quot;:&quot;Symbol&quot;,&quot;469769242&quot;:[8226],&quot;469777803&quot;:&quot;left&quot;,&quot;469777804&quot;:&quot;\uf0b7&quot;,&quot;469777815&quot;:&quot;hybridMultilevel&quot;}\" data-aria-posinset=\"4\" data-aria-level=\"1\"><span data-contrast=\"none\">T\u00e9l\u00e9phone : +33 1 77 50 98 32<\/span><span data-ccp-props=\"{}\">\u00a0<\/span><\/li><\/ul><ul><li data-leveltext=\"\uf0b7\" data-font=\"Symbol\" data-listid=\"1\" data-list-defn-props=\"{&quot;335552541&quot;:1,&quot;335559685&quot;:720,&quot;335559991&quot;:360,&quot;469769226&quot;:&quot;Symbol&quot;,&quot;469769242&quot;:[8226],&quot;469777803&quot;:&quot;left&quot;,&quot;469777804&quot;:&quot;\uf0b7&quot;,&quot;469777815&quot;:&quot;hybridMultilevel&quot;}\" data-aria-posinset=\"5\" data-aria-level=\"1\"><span data-contrast=\"none\">E-mail (g\u00e9n\u00e9ral) : <\/span><a href=\"mailto:contact@callkom.io\"><span data-contrast=\"none\">contact@callkom.io<\/span><\/a><span data-ccp-props=\"{}\">\u00a0<\/span><\/li><\/ul><p><span data-contrast=\"none\">Direction de la publication : M. Yoann Ben Fredj <\/span><span data-contrast=\"auto\">en qualit\u00e9 de repr\u00e9sentant l\u00e9gal de l\u2019entreprise.<\/span><span data-ccp-props=\"{}\">\u00a0<\/span><\/p><p><strong>2) H\u00e9bergeur du Site\u00a0<\/strong><\/p><p><span data-contrast=\"auto\">Le site callkom.io est h\u00e9berg\u00e9 par Kinsta Inc.<\/span><span data-ccp-props=\"{&quot;201341983&quot;:0,&quot;335559739&quot;:0,&quot;335559740&quot;:240}\">\u00a0<\/span><\/p><p><span data-contrast=\"auto\">Raison sociale : Kinsta Inc.<\/span><span data-ccp-props=\"{&quot;201341983&quot;:0,&quot;335559739&quot;:0,&quot;335559740&quot;:240}\">\u00a0<\/span><\/p><p><span data-contrast=\"auto\">Adresse : 8605 Santa Monica Blvd, <\/span><span data-contrast=\"none\">#92581, West Hollywood, CA 90069, \u00c9tats-Unis<\/span><span data-ccp-props=\"{&quot;201341983&quot;:0,&quot;335559739&quot;:0,&quot;335559740&quot;:240}\">\u00a0<\/span><\/p><p><span data-contrast=\"auto\">Site web :\u00a0<\/span><a href=\"https:\/\/kinsta.com\/\"><span data-contrast=\"auto\">https:\/\/kinsta.com<\/span><\/a> <span data-ccp-props=\"{&quot;201341983&quot;:0,&quot;335559739&quot;:0,&quot;335559740&quot;:240}\">\u00a0<\/span><\/p><p><span data-contrast=\"auto\">T\u00e9l\u00e9phone : <\/span><span data-ccp-props=\"{}\">\u00a0<\/span><\/p><p><span data-contrast=\"none\">Kinsta fournit l\u2019h\u00e9bergement applicatif et l\u2019infrastructure technique du site. Les services d\u2019h\u00e9bergement de Kinsta s\u2019appuient sur Google Cloud Platform ; les r\u00e9gions de traitement et de stockage sont s\u00e9lectionn\u00e9es par CALLKOM afin de privil\u00e9gier, lorsque cela est possible, une localisation au sein de l\u2019Espace \u00c9conomique Europ\u00e9en (EEE). Des sous-traitants additionnels peuvent intervenir pour la d\u00e9livrance de certaines fonctionnalit\u00e9s (cf. Politique de confidentialit\u00e9).<\/span><span data-ccp-props=\"{}\">\u00a0<\/span><\/p><p><strong>3)Objet et champ d\u2019application<\/strong><span data-ccp-props=\"{&quot;134233117&quot;:false,&quot;134233118&quot;:false,&quot;134245418&quot;:true,&quot;134245529&quot;:true,&quot;201341983&quot;:0,&quot;335551550&quot;:1,&quot;335551620&quot;:1,&quot;335559685&quot;:0,&quot;335559737&quot;:0,&quot;335559738&quot;:160,&quot;335559739&quot;:80,&quot;335559740&quot;:279}\">\u00a0<\/span><\/p><p><span data-contrast=\"none\">Les pr\u00e9sentes Mentions l\u00e9gales encadrent l\u2019acc\u00e8s et l\u2019utilisation du Site <\/span><a href=\"https:\/\/callkom.io\/\"><span data-contrast=\"none\">https:\/\/callkom.io<\/span><\/a><span data-contrast=\"none\">. Tout utilisateur reconna\u00eet en accepter les termes et s\u2019engage \u00e0 les respecter, ainsi que l\u2019ensemble des lois et r\u00e8glements applicables.<\/span><span data-ccp-props=\"{}\">\u00a0<\/span><\/p><p><strong>4)Responsabilit\u00e9\u00a0<\/strong><\/p><p><b><span data-contrast=\"none\">Disponibilit\u00e9<\/span><\/b><span data-ccp-props=\"{&quot;134233117&quot;:false,&quot;134233118&quot;:false,&quot;201341983&quot;:0,&quot;335551550&quot;:1,&quot;335551620&quot;:1,&quot;335559685&quot;:0,&quot;335559737&quot;:0,&quot;335559738&quot;:0,&quot;335559739&quot;:160,&quot;335559740&quot;:279}\">\u00a0<\/span><\/p><p><span data-contrast=\"none\">CALLKOM met tout en \u0153uvre pour assurer l\u2019accessibilit\u00e9 continue du Site. Des interruptions (maintenance, mises \u00e0 jour, cas de force majeure ou \u00e9v\u00e9nements hors de notre contr\u00f4le) peuvent toutefois survenir sans pr\u00e9avis. CALLKOM ne saurait \u00eatre tenue responsable des indisponibilit\u00e9s temporaires.<\/span><span data-ccp-props=\"{}\">\u00a0<\/span><\/p><p><b><span data-contrast=\"none\">Liens hypertextes<\/span><\/b><span data-ccp-props=\"{&quot;134233117&quot;:false,&quot;134233118&quot;:false,&quot;201341983&quot;:0,&quot;335551550&quot;:1,&quot;335551620&quot;:1,&quot;335559685&quot;:0,&quot;335559737&quot;:0,&quot;335559738&quot;:0,&quot;335559739&quot;:160,&quot;335559740&quot;:279}\">\u00a0<\/span><\/p><p><span data-contrast=\"none\">Le Site peut contenir des liens vers des sites tiers. Ces liens sont fournis pour convenance ; CALLKOM n\u2019exerce aucun contr\u00f4le sur leur contenu et d\u00e9cline toute responsabilit\u00e9 quant aux informations, produits, services ou pratiques de ces sites. L\u2019acc\u00e8s se fait sous la seule responsabilit\u00e9 de l\u2019utilisateur, invit\u00e9 \u00e0 consulter leurs conditions d\u2019utilisation et politiques de confidentialit\u00e9.<\/span><span data-ccp-props=\"{}\">\u00a0<\/span><\/p><p><b><span data-contrast=\"none\">S\u00e9curit\u00e9 et risques li\u00e9s \u00e0 Internet<\/span><\/b><span data-ccp-props=\"{}\">\u00a0<\/span><\/p><p><span data-contrast=\"none\">CALLKOM applique des mesures raisonnables pour prot\u00e9ger le Site et les donn\u00e9es qui y transitent. L\u2019utilisateur d\u00e9clare toutefois conna\u00eetre les caract\u00e9ristiques et limites d\u2019Internet et, en particulier, que la s\u00e9curit\u00e9 absolue des transmissions ne peut \u00eatre garantie. CALLKOM ne saurait \u00eatre tenue responsable de dommages r\u00e9sultant notamment de virus, intrusions, pertes de donn\u00e9es, dysfonctionnements ou usages non conformes par des tiers.<\/span><span data-ccp-props=\"{}\">\u00a0<\/span><\/p><p><b><span data-contrast=\"auto\">Contenus publi\u00e9s<\/span><\/b><span data-ccp-props=\"{}\">\u00a0<\/span><\/p><p><span data-contrast=\"none\">CALLKOM s\u2019efforce d\u2019assurer l\u2019exactitude des informations diffus\u00e9es sur le Site et se r\u00e9serve le droit de les corriger \u00e0 tout moment. CALLKOM ne garantit ni l\u2019exhaustivit\u00e9 ni l\u2019absence d\u2019erreur et d\u00e9cline toute responsabilit\u00e9 en cas d\u2019impr\u00e9cision, omission ou modification par un tiers (intrusion, malware, etc.).<\/span><span data-ccp-props=\"{}\">\u00a0<\/span><\/p><p><strong>5)Propri\u00e9t\u00e9 intellectuelle<\/strong><span data-ccp-props=\"{&quot;134233117&quot;:false,&quot;134233118&quot;:false,&quot;134245418&quot;:true,&quot;134245529&quot;:true,&quot;201341983&quot;:0,&quot;335551550&quot;:1,&quot;335551620&quot;:1,&quot;335559685&quot;:0,&quot;335559737&quot;:0,&quot;335559738&quot;:160,&quot;335559739&quot;:80,&quot;335559740&quot;:279}\">\u00a0<\/span><\/p><p><span data-contrast=\"none\">Le Site et l\u2019ensemble de ses \u00e9l\u00e9ments (textes, visuels, logos, marques, noms de domaine, bases de donn\u00e9es, logiciels, contenus, charte graphique, etc.) sont prot\u00e9g\u00e9s par le Code de la propri\u00e9t\u00e9 intellectuelle et, sauf mention contraire, demeurent la propri\u00e9t\u00e9 exclusive de CALLKOM ou de ses partenaires.<\/span><span data-ccp-props=\"{}\">\u00a0<\/span><\/p><p><span data-contrast=\"none\">Toute reproduction, repr\u00e9sentation, modification, distribution ou exploitation, totale ou partielle, des \u00e9l\u00e9ments du Site sans autorisation \u00e9crite pr\u00e9alable de CALLKOM est interdite et est susceptible de constituer une contrefa\u00e7on engageant la responsabilit\u00e9 de son auteur.<\/span><span data-ccp-props=\"{}\">\u00a0<\/span><\/p><p><strong>6)Donn\u00e9es personnelles et cookies\u00a0<\/strong><\/p><p><span data-contrast=\"none\">CALLKOM agit comme responsable de traitement pour les donn\u00e9es collect\u00e9es via le Site (formulaires, d\u00e9mo, contact, mesure d\u2019audience selon r\u00e9glages cookies). Les modalit\u00e9s compl\u00e8tes (finalit\u00e9s, bases l\u00e9gales, destinataires, transferts, dur\u00e9es, droits) sont d\u00e9taill\u00e9es dans notre Politique de confidentialit\u00e9 disponible sur le Site, qui fait foi.<\/span><span data-ccp-props=\"{}\">\u00a0<\/span><\/p><p><span data-contrast=\"none\">Le d\u00e9p\u00f4t et la lecture de cookies\/traceurs sont encadr\u00e9s par notre Politique de gestion des cookies. Vous pouvez param\u00e9trer vos choix \u00e0 tout moment via le bandeau ou les r\u00e9glages de votre navigateur.<\/span><span data-ccp-props=\"{}\">\u00a0<\/span><\/p><p><span data-contrast=\"none\">Pour toute question ou pour exercer vos droits (acc\u00e8s, rectification, effacement, opposition, limitation, portabilit\u00e9), contactez-nous \u00e0 <\/span><a href=\"mailto:privacy@callkom.io\"><span data-contrast=\"none\">privacy@callkom.io<\/span><\/a><span data-contrast=\"none\">. Lorsque CALLKOM op\u00e8re des services pour le compte d\u2019un client (agents IA), les demandes relatives aux appels et transcriptions sont, en principe, transmises au client responsable (cf. Politique de confidentialit\u00e9).<\/span><span data-ccp-props=\"{}\">\u00a0<\/span><\/p><p><strong>7)Conditions d\u2019utilisation<\/strong><span data-ccp-props=\"{&quot;134233117&quot;:false,&quot;134233118&quot;:false,&quot;134245418&quot;:true,&quot;134245529&quot;:true,&quot;201341983&quot;:0,&quot;335551550&quot;:1,&quot;335551620&quot;:1,&quot;335559685&quot;:0,&quot;335559737&quot;:0,&quot;335559738&quot;:160,&quot;335559739&quot;:80,&quot;335559740&quot;:279}\">\u00a0<\/span><\/p><p><span data-contrast=\"none\">L\u2019utilisateur s\u2019engage \u00e0 :<\/span><span data-ccp-props=\"{}\">\u00a0<\/span><\/p><ul><li data-leveltext=\"\uf0b7\" data-font=\"Symbol\" data-listid=\"4\" data-list-defn-props=\"{&quot;335552541&quot;:1,&quot;335559685&quot;:720,&quot;335559991&quot;:360,&quot;469769226&quot;:&quot;Symbol&quot;,&quot;469769242&quot;:[8226],&quot;469777803&quot;:&quot;left&quot;,&quot;469777804&quot;:&quot;\uf0b7&quot;,&quot;469777815&quot;:&quot;hybridMultilevel&quot;}\" data-aria-posinset=\"1\" data-aria-level=\"1\"><span data-contrast=\"none\">utiliser le Site dans le respect des lois et r\u00e8glements applicables ;<\/span><span data-ccp-props=\"{}\">\u00a0<\/span><\/li><\/ul><ul><li data-leveltext=\"\uf0b7\" data-font=\"Symbol\" data-listid=\"4\" data-list-defn-props=\"{&quot;335552541&quot;:1,&quot;335559685&quot;:720,&quot;335559991&quot;:360,&quot;469769226&quot;:&quot;Symbol&quot;,&quot;469769242&quot;:[8226],&quot;469777803&quot;:&quot;left&quot;,&quot;469777804&quot;:&quot;\uf0b7&quot;,&quot;469777815&quot;:&quot;hybridMultilevel&quot;}\" data-aria-posinset=\"2\" data-aria-level=\"1\"><span data-contrast=\"none\">ne pas porter atteinte aux droits de tiers ou \u00e0 l\u2019ordre public ;<\/span><span data-ccp-props=\"{}\">\u00a0<\/span><\/li><\/ul><ul><li data-leveltext=\"\uf0b7\" data-font=\"Symbol\" data-listid=\"4\" data-list-defn-props=\"{&quot;335552541&quot;:1,&quot;335559685&quot;:720,&quot;335559991&quot;:360,&quot;469769226&quot;:&quot;Symbol&quot;,&quot;469769242&quot;:[8226],&quot;469777803&quot;:&quot;left&quot;,&quot;469777804&quot;:&quot;\uf0b7&quot;,&quot;469777815&quot;:&quot;hybridMultilevel&quot;}\" data-aria-posinset=\"3\" data-aria-level=\"1\"><span data-contrast=\"none\">ne pas tenter d\u2019entraver le bon fonctionnement du Site (fraude, intrusion, surcharge, extraction de donn\u00e9es, etc.).<\/span><span data-ccp-props=\"{}\">\u00a0<\/span><\/li><\/ul><p><span data-contrast=\"none\">CALLKOM se r\u00e9serve le droit d\u2019engager toute action utile en cas de violation, y compris l\u2019interruption d\u2019acc\u00e8s et\/ou des poursuites.<\/span><span data-ccp-props=\"{}\">\u00a0<\/span><\/p><p><strong>8)Services non destin\u00e9s aux mineurs\u00a0<\/strong><\/p><p><span data-contrast=\"none\">Le Site, la plateforme SaaS et les services d\u2019agents IA s\u2019adressent \u00e0 un public professionnel (B2B). Ils ne sont pas destin\u00e9s aux mineurs.<\/span><span data-ccp-props=\"{}\">\u00a0<\/span><\/p><p><strong>9)Droit applicable \u2013 Juridiction\u00a0<\/strong><\/p><p><span data-contrast=\"none\">Les pr\u00e9sentes Mentions l\u00e9gales sont soumises au droit fran\u00e7ais. En cas de litige et \u00e0 d\u00e9faut d\u2019accord amiable, comp\u00e9tence est attribu\u00e9e aux juridictions fran\u00e7aises comp\u00e9tentes (\u00e0 d\u00e9faut de dispositions imp\u00e9ratives contraires).<\/span><span data-ccp-props=\"{}\">\u00a0<\/span><\/p><p><strong>10)Contact\u00a0<\/strong><\/p><p><span data-contrast=\"none\">Pour toute question relative au Site, aux contenus, ou aux pr\u00e9sentes Mentions l\u00e9gales :<\/span><span data-ccp-props=\"{}\">\u00a0<\/span><\/p><ul><li data-leveltext=\"\uf0b7\" data-font=\"Symbol\" data-listid=\"3\" data-list-defn-props=\"{&quot;335552541&quot;:1,&quot;335559685&quot;:720,&quot;335559991&quot;:360,&quot;469769226&quot;:&quot;Symbol&quot;,&quot;469769242&quot;:[8226],&quot;469777803&quot;:&quot;left&quot;,&quot;469777804&quot;:&quot;\uf0b7&quot;,&quot;469777815&quot;:&quot;hybridMultilevel&quot;}\" data-aria-posinset=\"1\" data-aria-level=\"1\"><span data-contrast=\"none\">E-mail : <\/span><a href=\"mailto:contact@callkom.io\"><span data-contrast=\"none\">contact@callkom.io<\/span><\/a><span data-ccp-props=\"{}\">\u00a0<\/span><\/li><\/ul><ul><li data-leveltext=\"\uf0b7\" data-font=\"Symbol\" data-listid=\"3\" data-list-defn-props=\"{&quot;335552541&quot;:1,&quot;335559685&quot;:720,&quot;335559991&quot;:360,&quot;469769226&quot;:&quot;Symbol&quot;,&quot;469769242&quot;:[8226],&quot;469777803&quot;:&quot;left&quot;,&quot;469777804&quot;:&quot;\uf0b7&quot;,&quot;469777815&quot;:&quot;hybridMultilevel&quot;}\" data-aria-posinset=\"2\" data-aria-level=\"1\"><span data-contrast=\"none\">Adresse postale : CALLKOM, 96 rue Paradis, 13006 Marseille, France<\/span><span data-ccp-props=\"{}\">\u00a0<\/span><\/li><\/ul><p><span data-contrast=\"none\">Mise \u00e0 jour<\/span><span data-ccp-props=\"{&quot;134233117&quot;:false,&quot;134233118&quot;:false,&quot;201341983&quot;:0,&quot;335551550&quot;:1,&quot;335551620&quot;:1,&quot;335559685&quot;:0,&quot;335559737&quot;:0,&quot;335559738&quot;:0,&quot;335559739&quot;:160,&quot;335559740&quot;:279}\">\u00a0<\/span><\/p><p><span data-contrast=\"none\">CALLKOM se r\u00e9serve la possibilit\u00e9 de modifier les pr\u00e9sentes Mentions l\u00e9gales \u00e0 tout moment afin de tenir compte des \u00e9volutions l\u00e9gales, techniques ou de ses services. La version en ligne sur le Site pr\u00e9vaut.<\/span><span data-ccp-props=\"{}\">\u00a0<\/span><\/p><p><span data-ccp-props=\"{}\">\u00a0<\/span><\/p>\t\t\n\t<\/div>\n<\/div>\t\t\t\t<\/div>\n\t\t\t\t<\/div>\n\t\t            <\/div>\r\n        <\/div>\r\n        \t\t\t<\/div>\n\t\t<\/section>\n\t\t\t\t<\/div>\n\t\t","protected":false},"excerpt":{"rendered":"<p>Mentions L\u00e9gales Derni\u00e8re mise \u00e0 jour : 19 Novembre 2025 Conform\u00e9ment \u00e0 la loi n\u00b0 2004-575 du 21 juin 2004 pour la confiance dans l\u2019\u00e9conomie num\u00e9rique (LCEN), sont pr\u00e9cis\u00e9es ci-apr\u00e8s les informations relatives \u00e0 l\u2019\u00e9diteur, \u00e0 l\u2019h\u00e9bergement et aux conditions d\u2019utilisation du site https:\/\/callkom.io (ci-apr\u00e8s le \u00ab Site \u00bb).\u00a0 Nos Services s\u2019adressent \u00e0 un public [&hellip;]<\/p>\n","protected":false},"author":1,"featured_media":0,"parent":0,"menu_order":0,"comment_status":"closed","ping_status":"closed","template":"","meta":{"footnotes":""},"class_list":["post-4306","page","type-page","status-publish","hentry"],"_links":{"self":[{"href":"https:\/\/callkom.io\/fr\/wp-json\/wp\/v2\/pages\/4306","targetHints":{"allow":["GET"]}}],"collection":[{"href":"https:\/\/callkom.io\/fr\/wp-json\/wp\/v2\/pages"}],"about":[{"href":"https:\/\/callkom.io\/fr\/wp-json\/wp\/v2\/types\/page"}],"author":[{"embeddable":true,"href":"https:\/\/callkom.io\/fr\/wp-json\/wp\/v2\/users\/1"}],"replies":[{"embeddable":true,"href":"https:\/\/callkom.io\/fr\/wp-json\/wp\/v2\/comments?post=4306"}],"version-history":[{"count":32,"href":"https:\/\/callkom.io\/fr\/wp-json\/wp\/v2\/pages\/4306\/revisions"}],"predecessor-version":[{"id":6581,"href":"https:\/\/callkom.io\/fr\/wp-json\/wp\/v2\/pages\/4306\/revisions\/6581"}],"wp:attachment":[{"href":"https:\/\/callkom.io\/fr\/wp-json\/wp\/v2\/media?parent=4306"}],"curies":[{"name":"wp","href":"https:\/\/api.w.org\/{rel}","templated":true}]}}